{"id":687,"date":"2021-04-13T19:22:08","date_gmt":"2021-04-13T17:22:08","guid":{"rendered":"https:\/\/dueerre.net\/?post_type=product&#038;p=687"},"modified":"2025-01-18T18:46:26","modified_gmt":"2025-01-18T17:46:26","slug":"carteggiatrice-per-stampati-irregolari","status":"publish","type":"product","link":"https:\/\/dueerre.net\/it\/carteggiatrice-per-stampati-irregolari\/","title":{"rendered":"Carteggiatrice per stampati irregolari"},"content":{"rendered":"<h3>Carteggiatrice per stampati irregolari<\/h3>\n<p>La <strong>Carteggiatrice per Stampati Irregolari<\/strong> \u00e8 una macchina semiautomatica progettata per la levigatura rapida e ad alta produttivit\u00e0 di pezzi stampati con forme irregolari. \u00c8 particolarmente efficace nell&#8217;eliminare le sbavature presenti su stampati che non hanno un&#8217;altezza simmetrica al centro della figura, come ad esempio il simbolo di San Marco.<\/p>\n<p><strong>Caratteristiche principali:<\/strong><\/p>\n<ul>\n<li><strong>Levigatura di pezzi irregolari:<\/strong> La macchina \u00e8 progettata per gestire stampati con forme e altezze non uniformi, garantendo una finitura uniforme su superfici complesse.<\/li>\n<li><strong>Alimentazione continua:<\/strong> I pezzi vengono caricati su un piano di raccolta e fatti scivolare sotto un rullo a velocit\u00e0 regolabile, che trattiene il pezzo per alcuni secondi, premendolo uniformemente nelle varie altezze.<\/li>\n<li><strong>Regolazione della velocit\u00e0:<\/strong> Il rullo di pressione ha una velocit\u00e0 regolabile, permettendo di adattare la lavorazione alle specifiche esigenze del materiale e della forma del pezzo.<\/li>\n<\/ul>\n<p><strong>Applicazioni:<\/strong><\/p>\n<p>Questa carteggiatrice \u00e8 ideale per settori come l&#8217;oreficeria, l&#8217;argenteria e la bigiotteria, dove \u00e8 comune lavorare con componenti di forme irregolari che richiedono una finitura precisa e uniforme.<\/p>\n","protected":false},"excerpt":{"rendered":"<p>Carteggiatrice per stampati irregolari La Carteggiatrice per Stampati Irregolari \u00e8 una macchina semiautomatica progettata per la levigatura rapida e ad alta produttivit\u00e0 di pezzi stampati con forme irregolari. \u00c8 particolarmente efficace nell&#8217;eliminare le sbavature presenti su stampati che non hanno un&#8217;altezza simmetrica al centro della figura, come ad esempio il simbolo di San Marco. Caratteristiche [&hellip;]<\/p>\n","protected":false},"featured_media":688,"comment_status":"open","ping_status":"closed","template":"","meta":{"_acf_changed":false},"product_brand":[],"product_cat":[79],"product_tag":[],"class_list":{"0":"post-687","1":"product","2":"type-product","3":"status-publish","4":"has-post-thumbnail","6":"product_cat-carteggiatrici-it","8":"first","9":"instock","10":"shipping-taxable","11":"product-type-simple"},"acf":[],"_links":{"self":[{"href":"https:\/\/dueerre.net\/it\/wp-json\/wp\/v2\/product\/687","targetHints":{"allow":["GET"]}}],"collection":[{"href":"https:\/\/dueerre.net\/it\/wp-json\/wp\/v2\/product"}],"about":[{"href":"https:\/\/dueerre.net\/it\/wp-json\/wp\/v2\/types\/product"}],"replies":[{"embeddable":true,"href":"https:\/\/dueerre.net\/it\/wp-json\/wp\/v2\/comments?post=687"}],"wp:featuredmedia":[{"embeddable":true,"href":"https:\/\/dueerre.net\/it\/wp-json\/wp\/v2\/media\/688"}],"wp:attachment":[{"href":"https:\/\/dueerre.net\/it\/wp-json\/wp\/v2\/media?parent=687"}],"wp:term":[{"taxonomy":"product_brand","embeddable":true,"href":"https:\/\/dueerre.net\/it\/wp-json\/wp\/v2\/product_brand?post=687"},{"taxonomy":"product_cat","embeddable":true,"href":"https:\/\/dueerre.net\/it\/wp-json\/wp\/v2\/product_cat?post=687"},{"taxonomy":"product_tag","embeddable":true,"href":"https:\/\/dueerre.net\/it\/wp-json\/wp\/v2\/product_tag?post=687"}],"curies":[{"name":"wp","href":"https:\/\/api.w.org\/{rel}","templated":true}]}}