{"id":596,"date":"2021-04-13T10:02:11","date_gmt":"2021-04-13T08:02:11","guid":{"rendered":"https:\/\/dueerre.net\/?post_type=product&#038;p=596"},"modified":"2024-10-04T17:23:27","modified_gmt":"2024-10-04T15:23:27","slug":"avvolgimatasse-multiplo","status":"publish","type":"product","link":"https:\/\/dueerre.net\/it\/avvolgimatasse-multiplo\/","title":{"rendered":"Avvolgimatasse multiplo"},"content":{"rendered":"<h3>Avvolgimatasse multiplo<\/h3>\n<p>Macchina per avvolgere la catena in matasse.<br \/>\nLa macchina pu\u00f2 avvolgere fino a 5 matasse di\u00a0catena in automatico.<\/p>\n<ul>\n<li>Il numero di giri catena per ogni matassa \u00e8\u00a0programmabile dal quadro elettrico;<\/li>\n<li>La velocit\u00e0 di rotazione \u00e8 regolabile;<\/li>\n<li>Pulsanti di comando e le regolazioni di velocit\u00e0\u00a0sono sul piano di lavoro.<\/li>\n<\/ul>\n","protected":false},"excerpt":{"rendered":"<p>Avvolgimatasse multiplo Macchina per avvolgere la catena in matasse. La macchina pu\u00f2 avvolgere fino a 5 matasse di\u00a0catena in automatico. Il numero di giri catena per ogni matassa \u00e8\u00a0programmabile dal quadro elettrico; La velocit\u00e0 di rotazione \u00e8 regolabile; Pulsanti di comando e le regolazioni di velocit\u00e0\u00a0sono sul piano di lavoro.<\/p>\n","protected":false},"featured_media":598,"comment_status":"open","ping_status":"closed","template":"","meta":{"_acf_changed":false},"product_brand":[],"product_cat":[28],"product_tag":[],"class_list":{"0":"post-596","1":"product","2":"type-product","3":"status-publish","4":"has-post-thumbnail","6":"product_cat-avvolgitori","8":"first","9":"instock","10":"shipping-taxable","11":"product-type-simple"},"acf":[],"_links":{"self":[{"href":"https:\/\/dueerre.net\/it\/wp-json\/wp\/v2\/product\/596","targetHints":{"allow":["GET"]}}],"collection":[{"href":"https:\/\/dueerre.net\/it\/wp-json\/wp\/v2\/product"}],"about":[{"href":"https:\/\/dueerre.net\/it\/wp-json\/wp\/v2\/types\/product"}],"replies":[{"embeddable":true,"href":"https:\/\/dueerre.net\/it\/wp-json\/wp\/v2\/comments?post=596"}],"wp:featuredmedia":[{"embeddable":true,"href":"https:\/\/dueerre.net\/it\/wp-json\/wp\/v2\/media\/598"}],"wp:attachment":[{"href":"https:\/\/dueerre.net\/it\/wp-json\/wp\/v2\/media?parent=596"}],"wp:term":[{"taxonomy":"product_brand","embeddable":true,"href":"https:\/\/dueerre.net\/it\/wp-json\/wp\/v2\/product_brand?post=596"},{"taxonomy":"product_cat","embeddable":true,"href":"https:\/\/dueerre.net\/it\/wp-json\/wp\/v2\/product_cat?post=596"},{"taxonomy":"product_tag","embeddable":true,"href":"https:\/\/dueerre.net\/it\/wp-json\/wp\/v2\/product_tag?post=596"}],"curies":[{"name":"wp","href":"https:\/\/api.w.org\/{rel}","templated":true}]}}