{"id":477,"date":"2021-04-11T20:54:00","date_gmt":"2021-04-11T18:54:00","guid":{"rendered":"https:\/\/dueerre.net\/?post_type=product&#038;p=477"},"modified":"2024-10-04T17:23:27","modified_gmt":"2024-10-04T15:23:27","slug":"avvolgitore-da-matassa-a-bobina","status":"publish","type":"product","link":"https:\/\/dueerre.net\/it\/avvolgitore-da-matassa-a-bobina\/","title":{"rendered":"Avvolgitore da matassa a bobina"},"content":{"rendered":"<h3>Avvolgitore da matassa a bobina<\/h3>\n<p>Questo banco avvolgitore \u00e8 stato studiato per svolgere il filo da matassa e riavvolgerlo in bobina oppure ripassare il filo da una bobina ad un\u2019altra.<\/p>\n<p>Il sistema \u00e8 corrisposto da uno spartifilo con registri esterni per la regolazione della larghezza della bobina, di un motore in regolazione di coppia e velocit\u00e0 e di una protezione a normativa per la bobina.<br \/>\nPer poter svolgere matasse di filo sottile \u00e8 stato necessario motorizzare il gruppo svolfimatassa e controllarne la velocit\u00e0 per mezzo di un ballerino elettronico. Inoltre il cono porta matasse pu\u00f2 essere svincolato dal motore con una frizione.<\/p>\n<p>I comandi sono posti in alto e comprendono le regolazioni di velocit\u00e0 del motore dello spartitore e di regolazione di velocit\u00e0 e coppia del motore della bobina.<br \/>\nLa bobina \u00e8 dotata di protezione con micro di sicurezza e sensore di fine filo. Il gruppo ballerino ha un proprio microcontatto di arresto per eventuali nodi nella matassa.<\/p>\n","protected":false},"excerpt":{"rendered":"<p>Avvolgitore da matassa a bobina Questo banco avvolgitore \u00e8 stato studiato per svolgere il filo da matassa e riavvolgerlo in bobina oppure ripassare il filo da una bobina ad un\u2019altra. Il sistema \u00e8 corrisposto da uno spartifilo con registri esterni per la regolazione della larghezza della bobina, di un motore in regolazione di coppia e [&hellip;]<\/p>\n","protected":false},"featured_media":479,"comment_status":"open","ping_status":"closed","template":"","meta":{"_acf_changed":false},"product_brand":[],"product_cat":[28],"product_tag":[],"class_list":{"0":"post-477","1":"product","2":"type-product","3":"status-publish","4":"has-post-thumbnail","6":"product_cat-avvolgitori","8":"first","9":"instock","10":"shipping-taxable","11":"product-type-simple"},"acf":[],"_links":{"self":[{"href":"https:\/\/dueerre.net\/it\/wp-json\/wp\/v2\/product\/477","targetHints":{"allow":["GET"]}}],"collection":[{"href":"https:\/\/dueerre.net\/it\/wp-json\/wp\/v2\/product"}],"about":[{"href":"https:\/\/dueerre.net\/it\/wp-json\/wp\/v2\/types\/product"}],"replies":[{"embeddable":true,"href":"https:\/\/dueerre.net\/it\/wp-json\/wp\/v2\/comments?post=477"}],"wp:featuredmedia":[{"embeddable":true,"href":"https:\/\/dueerre.net\/it\/wp-json\/wp\/v2\/media\/479"}],"wp:attachment":[{"href":"https:\/\/dueerre.net\/it\/wp-json\/wp\/v2\/media?parent=477"}],"wp:term":[{"taxonomy":"product_brand","embeddable":true,"href":"https:\/\/dueerre.net\/it\/wp-json\/wp\/v2\/product_brand?post=477"},{"taxonomy":"product_cat","embeddable":true,"href":"https:\/\/dueerre.net\/it\/wp-json\/wp\/v2\/product_cat?post=477"},{"taxonomy":"product_tag","embeddable":true,"href":"https:\/\/dueerre.net\/it\/wp-json\/wp\/v2\/product_tag?post=477"}],"curies":[{"name":"wp","href":"https:\/\/api.w.org\/{rel}","templated":true}]}}