{"id":362,"date":"2021-04-11T17:08:09","date_gmt":"2021-04-11T15:08:09","guid":{"rendered":"https:\/\/dueerre.net\/?post_type=product&#038;p=362"},"modified":"2025-01-17T19:08:18","modified_gmt":"2025-01-17T18:08:18","slug":"tagliacatene-conteggio-maglie-rolo-e-figaro","status":"publish","type":"product","link":"https:\/\/dueerre.net\/it\/tagliacatene-conteggio-maglie-rolo-e-figaro\/","title":{"rendered":"Tagliacatene a conteggio di maglie per rol\u00f2 e figaro"},"content":{"rendered":"<h5>Tagliacatene conteggio maglie rol\u00f2 e figaro<\/h5>\n<p>Macchina per il taglio di spezzoni di catena tipo rol\u00f2 e figaro con taglio sincronizzato sulla maglia. Impostazioni di velocit\u00e0, n\u00b0 maglie, contapezzi , lunghezza della catena, sensore di finecatena, sensore di inceppamento catena.<\/p>\n<ul>\n<li>Cesoia standard da 120 Kg a 6 Bar;<\/li>\n<li>Pulsanti di comando touch screen;<\/li>\n<li>Attrezzatura specifica per cambio dimensioni della catena;<\/li>\n<li>Movimento con motore passo passo + sensore laser;<\/li>\n<\/ul>\n<pre><strong>Dati tecnici:<\/strong><\/pre>\n<ul>\n<li>Tensione: 230V<\/li>\n<li>Potenza: 300 W<\/li>\n<li>Peso: 28 Kg<\/li>\n<li>Misure: 520x400x H=430 mm<\/li>\n<li>Aria: 6 Bar<\/li>\n<\/ul>\n<pre><strong>Produttivit\u00e0 (in modo \u201cconteggio maglie\u201d):<\/strong><\/pre>\n<ul>\n<li>Es. 9 maglie:\u00a0 1200 pz\/ora<\/li>\n<li>Es. 41 maglie: 600 pz\/ora<\/li>\n<li>Es. 50 maglie: 420 pz\/ora<\/li>\n<\/ul>\n<pre><strong>Optional:<\/strong><\/pre>\n<ul>\n<li><a href=\"https:\/\/dueerre.net\/prodotto\/telecamera-per-visione-taglio-catena\/\">Telecamera per visione punto taglio 01-300<\/a><\/li>\n<\/ul>\n<p><a style=\"color: #ffffff;\" href=\"\/\/www.paginegialle.it\/spin-vi\/due-erre_2\" target=\"_blank\" rel=\"noopener\" data-schema-attribute=\"about\">Macchine per orafi Pagine Gialle<\/a><\/p>\n","protected":false},"excerpt":{"rendered":"<p>Tagliacatene conteggio maglie rol\u00f2 e figaro Macchina per il taglio di spezzoni di catena tipo rol\u00f2 e figaro con taglio sincronizzato sulla maglia. Impostazioni di velocit\u00e0, n\u00b0 maglie, contapezzi , lunghezza della catena, sensore di finecatena, sensore di inceppamento catena. Cesoia standard da 120 Kg a 6 Bar; Pulsanti di comando touch screen; Attrezzatura specifica [&hellip;]<\/p>\n","protected":false},"featured_media":2765,"comment_status":"open","ping_status":"closed","template":"","meta":{"_acf_changed":false},"product_brand":[],"product_cat":[25],"product_tag":[],"class_list":{"0":"post-362","1":"product","2":"type-product","3":"status-publish","4":"has-post-thumbnail","6":"product_cat-tagliacatene-e-lastra","8":"first","9":"instock","10":"shipping-taxable","11":"product-type-simple"},"acf":[],"_links":{"self":[{"href":"https:\/\/dueerre.net\/it\/wp-json\/wp\/v2\/product\/362","targetHints":{"allow":["GET"]}}],"collection":[{"href":"https:\/\/dueerre.net\/it\/wp-json\/wp\/v2\/product"}],"about":[{"href":"https:\/\/dueerre.net\/it\/wp-json\/wp\/v2\/types\/product"}],"replies":[{"embeddable":true,"href":"https:\/\/dueerre.net\/it\/wp-json\/wp\/v2\/comments?post=362"}],"wp:featuredmedia":[{"embeddable":true,"href":"https:\/\/dueerre.net\/it\/wp-json\/wp\/v2\/media\/2765"}],"wp:attachment":[{"href":"https:\/\/dueerre.net\/it\/wp-json\/wp\/v2\/media?parent=362"}],"wp:term":[{"taxonomy":"product_brand","embeddable":true,"href":"https:\/\/dueerre.net\/it\/wp-json\/wp\/v2\/product_brand?post=362"},{"taxonomy":"product_cat","embeddable":true,"href":"https:\/\/dueerre.net\/it\/wp-json\/wp\/v2\/product_cat?post=362"},{"taxonomy":"product_tag","embeddable":true,"href":"https:\/\/dueerre.net\/it\/wp-json\/wp\/v2\/product_tag?post=362"}],"curies":[{"name":"wp","href":"https:\/\/api.w.org\/{rel}","templated":true}]}}