{"id":2752,"date":"2021-10-30T17:40:11","date_gmt":"2021-10-30T15:40:11","guid":{"rendered":"https:\/\/dueerre.net\/?post_type=product&#038;p=2752"},"modified":"2024-12-21T15:22:21","modified_gmt":"2024-12-21T14:22:21","slug":"svolgimatasse-automatico-per-tagliacatene","status":"publish","type":"product","link":"https:\/\/dueerre.net\/it\/svolgimatasse-automatico-per-tagliacatene\/","title":{"rendered":"Svolgimatasse automatico per tagliacatene"},"content":{"rendered":"<h5>Svolgimatasse automatico per tagliacatene<\/h5>\n<p>Applicazione per <a href=\"https:\/\/dueerre.net\/prodotto\/tagliacatene-per-singapore-con-cesoia-da-120kg\/\">Tagliacatene 50-038-2<\/a>.<\/p>\n<p>Macchina per svolgere la catena proveniente da matassa.<\/p>\n<p>Questo dispositivo, applicato al nostro taglia catene, permette di evitare il passaggio di bobinatura della catena prima del taglio a misura.<\/p>\n<p>Il sistema pu\u00f2 contenere matasse di varie misure. Il motore regola la velocit\u00e0 automaticamente quando \u00e8 richiesta la catena.<\/p>\n<p>Parte elettrica interna alla macchina.<\/p>\n<p><strong>Dati tecnici:<\/strong><\/p>\n<ul>\n<li>Tensione: 230V<\/li>\n<li>Potenza: 100 W<\/li>\n<li>Peso: 15 Kg<\/li>\n<li>Ingombro: 450 x 350 x H 630 mm<\/li>\n<li>Velocit\u00e0 max: 280 rpm<\/li>\n<li>Bobina: DIN 125<\/li>\n<li>Interasse bobine min\/max: 200\/430 mm<\/li>\n<\/ul>\n","protected":false},"excerpt":{"rendered":"<p>Svolgimatasse automatico per tagliacatene Applicazione per Tagliacatene 50-038-2. Macchina per svolgere la catena proveniente da matassa. Questo dispositivo, applicato al nostro taglia catene, permette di evitare il passaggio di bobinatura della catena prima del taglio a misura. Il sistema pu\u00f2 contenere matasse di varie misure. Il motore regola la velocit\u00e0 automaticamente quando \u00e8 richiesta la [&hellip;]<\/p>\n","protected":false},"featured_media":2756,"comment_status":"open","ping_status":"closed","template":"","meta":{"_acf_changed":false},"product_brand":[],"product_cat":[29],"product_tag":[],"class_list":{"0":"post-2752","1":"product","2":"type-product","3":"status-publish","4":"has-post-thumbnail","6":"product_cat-svolgitori","8":"first","9":"instock","10":"shipping-taxable","11":"product-type-simple"},"acf":[],"_links":{"self":[{"href":"https:\/\/dueerre.net\/it\/wp-json\/wp\/v2\/product\/2752","targetHints":{"allow":["GET"]}}],"collection":[{"href":"https:\/\/dueerre.net\/it\/wp-json\/wp\/v2\/product"}],"about":[{"href":"https:\/\/dueerre.net\/it\/wp-json\/wp\/v2\/types\/product"}],"replies":[{"embeddable":true,"href":"https:\/\/dueerre.net\/it\/wp-json\/wp\/v2\/comments?post=2752"}],"wp:featuredmedia":[{"embeddable":true,"href":"https:\/\/dueerre.net\/it\/wp-json\/wp\/v2\/media\/2756"}],"wp:attachment":[{"href":"https:\/\/dueerre.net\/it\/wp-json\/wp\/v2\/media?parent=2752"}],"wp:term":[{"taxonomy":"product_brand","embeddable":true,"href":"https:\/\/dueerre.net\/it\/wp-json\/wp\/v2\/product_brand?post=2752"},{"taxonomy":"product_cat","embeddable":true,"href":"https:\/\/dueerre.net\/it\/wp-json\/wp\/v2\/product_cat?post=2752"},{"taxonomy":"product_tag","embeddable":true,"href":"https:\/\/dueerre.net\/it\/wp-json\/wp\/v2\/product_tag?post=2752"}],"curies":[{"name":"wp","href":"https:\/\/api.w.org\/{rel}","templated":true}]}}