{"id":241,"date":"2021-04-09T12:35:26","date_gmt":"2021-04-09T10:35:26","guid":{"rendered":"https:\/\/dueerre.net\/?post_type=product&#038;p=241"},"modified":"2024-12-21T17:36:10","modified_gmt":"2024-12-21T16:36:10","slug":"puntatrice-elettronica-da-6-kw","status":"publish","type":"product","link":"https:\/\/dueerre.net\/it\/puntatrice-elettronica-da-6-kw\/","title":{"rendered":"Puntatrice elettronica da 6 Kw"},"content":{"rendered":"<h3>Puntatrice elettronica da 6 Kw<\/h3>\n<p>Questa nuova versione di puntatrice elettrica Art. 50-020-2 \u00e8 stata studiata per aumentare al massimo la tenuta e la qualit\u00e0 della saldatura.<\/p>\n<p>Con l&#8217;apposita programmazione \u00e8 possibile creare profili di saldatura anche complessi per ottimizzare al massimo la puntatura.<\/p>\n<p>E&#8217; possibile eseguire un test di qualit\u00e0 ad ogni saldatura e saldare con corrente costante anche in presenza di irregolarit\u00e0 di tensione nell&#8217;impianto elettrico.<\/p>\n<p>Con la scheda digitale a microprocessore 16-bit si pu\u00f2 memorizzare fino a 20 programmi che sono numerati da 0 a 20 e facilmente richiamabili.<\/p>\n<ul>\n<li>La durata della potenza \u00e8 regolabile da mezzo periodo (0,01 sec.) a 500 periodi (10 sec.);<\/li>\n<li>Protezione contro il cortocircuito degli SCR;<\/li>\n<li>Protezione termica in caso di mancato raffreddamento;<\/li>\n<li>Auto set della frequenza di rete 50 \/ 60 Hz;<\/li>\n<li>Comando a pedale ( comando a due mani applicabile );<\/li>\n<li>Possibilit\u00e0 di scegliere tra menu in lingua Italiana o Inglese;<\/li>\n<li>Possibilit\u00e0 di sincronizzare pi\u00f9 saldatrici in modo da non avere saldature contemporanee;<\/li>\n<li>Avviso acustico e a messaggio visivo per eventuali allarmi;<\/li>\n<li>Circuito di raffreddamento degli elettrodi con acqua;<\/li>\n<li>Saldatura di argento possibile con elettrodi in tungsteno;<\/li>\n<\/ul>\n","protected":false},"excerpt":{"rendered":"<p>Puntatrice elettronica da 6 Kw Questa nuova versione di puntatrice elettrica Art. 50-020-2 \u00e8 stata studiata per aumentare al massimo la tenuta e la qualit\u00e0 della saldatura. Con l&#8217;apposita programmazione \u00e8 possibile creare profili di saldatura anche complessi per ottimizzare al massimo la puntatura. E&#8217; possibile eseguire un test di qualit\u00e0 ad ogni saldatura e [&hellip;]<\/p>\n","protected":false},"featured_media":242,"comment_status":"open","ping_status":"closed","template":"","meta":{"_acf_changed":false},"product_brand":[],"product_cat":[24],"product_tag":[],"class_list":{"0":"post-241","1":"product","2":"type-product","3":"status-publish","4":"has-post-thumbnail","6":"product_cat-puntatrici","8":"first","9":"instock","10":"shipping-taxable","11":"product-type-simple"},"acf":[],"_links":{"self":[{"href":"https:\/\/dueerre.net\/it\/wp-json\/wp\/v2\/product\/241","targetHints":{"allow":["GET"]}}],"collection":[{"href":"https:\/\/dueerre.net\/it\/wp-json\/wp\/v2\/product"}],"about":[{"href":"https:\/\/dueerre.net\/it\/wp-json\/wp\/v2\/types\/product"}],"replies":[{"embeddable":true,"href":"https:\/\/dueerre.net\/it\/wp-json\/wp\/v2\/comments?post=241"}],"wp:featuredmedia":[{"embeddable":true,"href":"https:\/\/dueerre.net\/it\/wp-json\/wp\/v2\/media\/242"}],"wp:attachment":[{"href":"https:\/\/dueerre.net\/it\/wp-json\/wp\/v2\/media?parent=241"}],"wp:term":[{"taxonomy":"product_brand","embeddable":true,"href":"https:\/\/dueerre.net\/it\/wp-json\/wp\/v2\/product_brand?post=241"},{"taxonomy":"product_cat","embeddable":true,"href":"https:\/\/dueerre.net\/it\/wp-json\/wp\/v2\/product_cat?post=241"},{"taxonomy":"product_tag","embeddable":true,"href":"https:\/\/dueerre.net\/it\/wp-json\/wp\/v2\/product_tag?post=241"}],"curies":[{"name":"wp","href":"https:\/\/api.w.org\/{rel}","templated":true}]}}