{"id":3,"date":"2021-03-17T15:54:12","date_gmt":"2021-03-17T15:54:12","guid":{"rendered":"https:\/\/dueerre.net\/?page_id=3"},"modified":"2021-05-31T12:11:59","modified_gmt":"2021-05-31T10:11:59","slug":"privacy-policy","status":"publish","type":"page","link":"https:\/\/dueerre.net\/it\/privacy-policy\/","title":{"rendered":"Privacy Policy"},"content":{"rendered":"\t\t<div data-elementor-type=\"wp-page\" data-elementor-id=\"3\" class=\"elementor elementor-3\" data-elementor-settings=\"{&quot;element_pack_global_tooltip_width&quot;:{&quot;unit&quot;:&quot;px&quot;,&quot;size&quot;:&quot;&quot;,&quot;sizes&quot;:[]},&quot;element_pack_global_tooltip_width_tablet&quot;:{&quot;unit&quot;:&quot;px&quot;,&quot;size&quot;:&quot;&quot;,&quot;sizes&quot;:[]},&quot;element_pack_global_tooltip_width_mobile&quot;:{&quot;unit&quot;:&quot;px&quot;,&quot;size&quot;:&quot;&quot;,&quot;sizes&quot;:[]},&quot;element_pack_global_tooltip_padding&quot;:{&quot;unit&quot;:&quot;px&quot;,&quot;top&quot;:&quot;&quot;,&quot;right&quot;:&quot;&quot;,&quot;bottom&quot;:&quot;&quot;,&quot;left&quot;:&quot;&quot;,&quot;isLinked&quot;:true},&quot;element_pack_global_tooltip_padding_tablet&quot;:{&quot;unit&quot;:&quot;px&quot;,&quot;top&quot;:&quot;&quot;,&quot;right&quot;:&quot;&quot;,&quot;bottom&quot;:&quot;&quot;,&quot;left&quot;:&quot;&quot;,&quot;isLinked&quot;:true},&quot;element_pack_global_tooltip_padding_mobile&quot;:{&quot;unit&quot;:&quot;px&quot;,&quot;top&quot;:&quot;&quot;,&quot;right&quot;:&quot;&quot;,&quot;bottom&quot;:&quot;&quot;,&quot;left&quot;:&quot;&quot;,&quot;isLinked&quot;:true},&quot;element_pack_global_tooltip_border_radius&quot;:{&quot;unit&quot;:&quot;px&quot;,&quot;top&quot;:&quot;&quot;,&quot;right&quot;:&quot;&quot;,&quot;bottom&quot;:&quot;&quot;,&quot;left&quot;:&quot;&quot;,&quot;isLinked&quot;:true},&quot;element_pack_global_tooltip_border_radius_tablet&quot;:{&quot;unit&quot;:&quot;px&quot;,&quot;top&quot;:&quot;&quot;,&quot;right&quot;:&quot;&quot;,&quot;bottom&quot;:&quot;&quot;,&quot;left&quot;:&quot;&quot;,&quot;isLinked&quot;:true},&quot;element_pack_global_tooltip_border_radius_mobile&quot;:{&quot;unit&quot;:&quot;px&quot;,&quot;top&quot;:&quot;&quot;,&quot;right&quot;:&quot;&quot;,&quot;bottom&quot;:&quot;&quot;,&quot;left&quot;:&quot;&quot;,&quot;isLinked&quot;:true}}\" data-elementor-post-type=\"page\">\n\t\t\t\t\t\t<section class=\"elementor-section elementor-top-section elementor-element elementor-element-6f9c5ab3 elementor-section-boxed elementor-section-height-default elementor-section-height-default\" data-id=\"6f9c5ab3\" data-element_type=\"section\" data-e-type=\"section\">\n\t\t\t\t\t\t<div class=\"elementor-container elementor-column-gap-default\">\n\t\t\t\t\t<div class=\"elementor-column elementor-col-100 elementor-top-column elementor-element elementor-element-410fcb99\" data-id=\"410fcb99\" data-element_type=\"column\" data-e-type=\"column\">\n\t\t\t<div class=\"elementor-widget-wrap elementor-element-populated\">\n\t\t\t\t\t\t<div class=\"elementor-element elementor-element-15e72315 de_scroll_animation_no elementor-widget elementor-widget-text-editor\" data-id=\"15e72315\" data-element_type=\"widget\" data-e-type=\"widget\" data-widget_type=\"text-editor.default\">\n\t\t\t\t<div class=\"elementor-widget-container\">\n\t\t\t\t\t\t\t\t\t<h2 style=\"text-align: center;\">Privacy Policy<\/h2><p style=\"text-align: center;\"><strong>INFORMAZIONI SUL TRATTAMENTO DEI DATI PERSONALI<\/strong><\/p><p style=\"text-align: left;\">ai sensi dell\u2019Art. 13 del Regolamento (UE) 679\/2016 (il \u201cGDPR\u201d)<\/p><p style=\"text-align: left;\">In questa pagina sono descritte le caratteristiche del trattamento dei dati personali degli utenti (gli \u201c<strong>Utenti<\/strong>\u201d) del sito web https:\/\/www.dueerre.net (il \u201cSito\u201d).<\/p><p style=\"text-align: center;\">* * * * * * *<\/p><p>Le informazioni che trovi in questa pagina non si applicano a siti, app e contenuti di terzi di qualsiasi genere, neppure se accessibili dal Sito cliccando su link in esso presenti.<\/p><p>In questi casi potranno essere applicabili le disposizioni sulla protezione dei dati di tali terzi, che possono essere diverse da queste e che ti consigliamo di consultare prima della comunicazione di qualsiasi dato.<\/p><p style=\"text-align: center;\">* * * * * * *<\/p><p><strong>1 &#8211; Titolare del trattamento e dati di contatto del Titolare<\/strong><\/p><p>Ai fini di cui alla presente informativa, titolare del trattamento \u00e8 la societ\u00e0 Due Erre srl, con sede legale in via dell&#8217;Artigianato 24, 36060 Romano d&#8217;Ezzelino (VI) , P.IVA 009297602478 (di seguito semplicemente \u201c<strong>Due Erre<\/strong> \u201d, la \u201c<strong>Societ\u00e0<\/strong>\u201d o il \u201c<strong>Titolare<\/strong>\u201d).<\/p><p>Per sciogliere qualsiasi dubbio su come il Titolare tratta i dati personali, \u00e8 sempre possibile contattarla:<\/p><p>&#8211; All\u2019indirizzo e-mail info@dueerre.vi.it<\/p><p>&#8211; All\u2019indirizzo in via dell&#8217;Artigianato 24, 36060 Romano d&#8217;Ezzelino (VI).<\/p><p><strong>2 &#8211; Modalit\u00e0 di raccolta dei dati e tipologie di dati trattati<\/strong><\/p><p><em><strong>Dati di navigazione raccolti automaticamente dal Sito: dati di accesso e navigazione<\/strong><\/em><\/p><p>Ogniqualvolta gli Utenti accedono al Sito, i sistemi informatici e le procedure software preposte al funzionamento del Sito acquisiscono, nel corso del loro normale esercizio, i dati di accesso e navigazione (ad esempio: informazioni sul browser utilizzato dall\u2019Utente, pagine visitate, data, ora e durata di ciascuna visita, nonch\u00e9 altri parametri relativi al sistema operativo e all\u2019ambiente informatico dell\u2019Utente \u2013 i \u201c<strong>Dati di Navigazione<\/strong>\u201d).<\/p><p><strong><em>Dati comunicati dagli Utenti: dati di registrazione come \u201cnuovo utente\u201d<\/em><\/strong><\/p><p>Attraverso la sezione \u201cEstensione della garanzia\u201d gli utenti possono registrarsi al Sito inserendo in una prima schermata l\u2019indirizzo e-mail e la password. Successivamente all\u2019iscrizione \u00e8 data agli Utenti la possibilit\u00e0 di aggiornare il proprio profilo web aggiungendo ulteriori dati personali (i.e. nome; cognome; nazione; citt\u00e0; sesso) (i \u201c<strong>Dati Comunicati<\/strong>\u201d).<\/p><p>I Dati di Navigazione e i Dati Comunicati, indicati congiuntamente come i <strong>Dati Personali<\/strong>.<\/p><p><strong>Cookies<\/strong><\/p><p>Nel Sito sono utilizzate delle tecniche informatiche per l\u2019acquisizione diretta di dati personali identificativi dell\u2019utente consistenti in \u201cstringhe di codice\u201d: i \u201ccookies\u201d.<br \/>Per tutte le informazioni sui cookies attivi sul Sito e sui correlati trattamenti dei dati personali e le loro caratteristiche\u2026<a href=\"https:\/\/dueerre.net\/cookie-policy\/\">CLICCA QUI<\/a>!<\/p><p><strong>3 &#8211; Finalit\u00e0 e base giuridica del trattamento<\/strong><\/p><p><strong>I Dati di Navigazione<\/strong> saranno utilizzati: (i) al fine di monitorare il corretto funzionamento del Sito, (ii) in forma anonima e aggregata, per finalit\u00e0 statistiche legate alla comprensione di come il Sito viene utilizzato dagli Utenti, per migliorare la facilit\u00e0 di accesso e aumentarne l\u2019attrattivit\u00e0, nonch\u00e9 (iii) per rilevare eventuali problemi tecnici il prima possibile.<\/p><p>Detti trattamenti trovano la propria base giuridica nel legittimo interesse della Societ\u00e0 al miglioramento dei propri prodotti e dei propri servizi digitali, e risulta compatibile con la posizione degli interessati in quanto: (a) il monitoraggio del funzionamento del Sito e i dati statistici correlati al suo utilizzo non comporta identificazione diretta; e (b) l\u2019interesse della Societ\u00e0 appare ragionevolmente essere proprio anche degli Utenti, i quali potranno cos\u00ec fruire di un Sito sempre pi\u00f9<br \/>performante e ottimizzato.<\/p><p><strong>I Dati trasmessi volontariamente dagli Utenti<\/strong>, saranno utilizzati esclusivamente per: (i) dare un riscontro alla richiesta di estensione della garanzia per un prodotto acquistato da parte dell\u2019Utente; (ii) inviare una newsletter informativa agli utenti.<\/p><p>La base giuridica del presente trattamento \u00e8 la necessit\u00e0 di rispondere alle richieste degli Utenti, eseguire misure precontrattuali ed eventualmente contrattuali adottate su richiesta dell\u2019Utente, e di adempiere ai connessi obblighi di legge; nonch\u00e9 lo specifico consenso per quanto riguarda l\u2019invio della newsletter.<\/p><p><strong>4 &#8211; Destinatari della comunicazione dei Dati Personali<\/strong><\/p><p>I Dati Personali saranno comunicati e potranno essere conosciuti (i) da dipendenti e collaboratori della Societ\u00e0, debitamente istruiti e\/o designati al trattamento; e (ii) da soggetti terzi che prestano servizi accessori o strumentali alle attivit\u00e0 della Societ\u00e0, in relazione allo sviluppo, l\u2019erogazione, la manutenzione e la gestione operativa del Sito, specificamente nominati responsabili del trattamento.<\/p><p><strong>5 &#8211; Luogo del trattamento e trasferimento all\u2019estero dei Dati Personali<\/strong><\/p><p>Il trattamento dei Dati Personali dell\u2019Utente avr\u00e0 luogo presso la sopraindicata sede della Societ\u00e0, e i Dati Personali saranno conservati presso server siti all\u2019interno dell\u2019Unione Europea.<\/p><p>Eventuali ulteriori trasferimenti dei Dati Personali all\u2019estero avverr\u00e0, se verso Paesi che non beneficiano di una decisione di adeguatezza della Commissione Europea e che, quindi, non offrono un livello di protezione adeguato ai dati personali, soltanto (i) previa adozione di opportune garanzie quali, a titolo esemplificativo, la sottoscrizione delle clausole tipo approvate dalla Commissione Europea, o (ii) al ricorrere di una deroga al divieto di trasferimenti al di fuori dell\u2019Unione Europea e, quindi, sempre a titolo esemplificativo, previa raccolta del consenso\u00a0esplicito ed informato dell\u2019Utente, o ancora soltanto nella misura in cui sia necessario all\u2019esecuzione di un contratto concluso tra l\u2019Utente e la Societ\u00e0, o tra la Societ\u00e0 e un terzo a beneficio dell\u2019Utente, ovvero all&#8217;esecuzione di misure precontrattuali adottate su istanza dell\u2019Utente.<\/p><p><strong>6 &#8211; Modalit\u00e0 del trattamento, misure di sicurezza e periodo di\u00a0 conservazione dei <\/strong><strong>Dati Personali<\/strong><\/p><p>I Dati Personali saranno trattati sia in forma cartacea sia con strumenti elettronici, informatici o automatizzati, tramite sistemi che ne assicurano la protezione, la sicurezza e la riservatezza.<\/p><p>La Societ\u00e0, inoltre, ha adottato specifiche e adeguate misure di sicurezza logiche, giuridiche organizzative e tecniche per prevenire la perdita dei Dati Personali, usi illeciti o non consentiti degli stessi e accessi non autorizzati<\/p><p>I Dati di Navigazione \u2013 che non consentono l\u2019identificazione degli Utenti \u2013 non persistono per pi\u00f9 di 1 settimana e vengono cancellati immediatamente dopo la loro aggregazione (salve eventuali necessit\u00e0 di accertamento di reati da parte dell&#8217;Autorit\u00e0 Giudiziaria competente);<\/p><p>I Dati Comunicati saranno conservati per periodi di tempo maggiori laddove necessario a: (i) dare esecuzione alle misure contrattuali\/precontrattuali e per tutta la durata dell\u2019eventuale rapporto contrattuale con la Societ\u00e0; (ii) adempiere ad obblighi statutari e\/o di legge; nonch\u00e9 (iii) ad assicurare la tutela giudiziaria dei diritti della Societ\u00e0, nel rispetto dei termini di prescrizione ordinari.<\/p><p><strong>7 &#8211; I diritti dell\u2019Utente<\/strong><br \/>Gli Utenti, quali interessati (ossia, soggetti a cui si riferiscono i Dati), sono titolari di diritti conferiti dal GDPR. In particolare, ai sensi degli artt. 12-23 del GDPR, gli interessati hanno il diritto di chiedere e ottenere, in qualunque momento, l\u2019accesso ai propri dati personali, informazioni sul trattamento effettuato, la rettifica e\/o l\u2019aggiornamento dei dati personali, la cancellazione e la limitazione del trattamento. Inoltre, hanno anche il diritto di opporsi al trattamento e di chiedere la portabilit\u00e0 dei dati (cio\u00e8 ricevere i dati personali in un formato strutturato di uso comune, leggibile da dispositivi automatici). Infine, gli interessati, ove lo abbiano prestato, hanno sempre il diritto di revocare il proprio consenso in qualsiasi momento (ci\u00f2, in ogni caso, non pregiudicher\u00e0 la liceit\u00e0 dei trattamenti effettuati sulla base del consenso reso prima della revoca) e di proporre reclamo a un\u2019autorit\u00e0 di controllo (in Italia: il Garante per la Protezione dei Dati Personali).<\/p><p><strong>8 &#8211; Dati di contatto<\/strong><br \/>I diritti di cui sopra potranno essere esercitati in ogni momento, mediante semplice richiesta al Titolare, da trasmettere:<br \/>&#8211; all\u2019indirizzo e-mail <a href=\"mailto:info@dueerre.vi.it\">info@dueerre.vi.it<\/a><br \/>&#8211; all\u2019indirizzo via dell&#8217; Artigianato 24,36060 Romano d&#8217;Ezzelino( VI).<\/p><p>Per altre informazioni o chiarimenti sui diritti menzionati, \u00e8 possibile contattare le Societ\u00e0 ai medesimi recapiti.<\/p><p style=\"text-align: center;\">* * * * * * *<\/p><p>La Societ\u00e0 potr\u00e0 modificare la presente informativa per adeguarla a futuri ampliamenti o future modifiche del Sito.<\/p><p>Informazioni aggiornate in data 27 MAGGIO 2021<\/p>\t\t\t\t\t\t\t\t<\/div>\n\t\t\t\t<\/div>\n\t\t\t\t\t<\/div>\n\t\t<\/div>\n\t\t\t\t\t<\/div>\n\t\t<\/section>\n\t\t\t\t<\/div>\n\t\t","protected":false},"excerpt":{"rendered":"<p>Privacy Policy INFORMAZIONI SUL TRATTAMENTO DEI DATI PERSONALI ai sensi dell\u2019Art. 13 del Regolamento (UE) 679\/2016 (il \u201cGDPR\u201d) In questa pagina sono descritte le caratteristiche del trattamento dei dati personali degli utenti (gli \u201cUtenti\u201d) del sito web https:\/\/www.dueerre.net (il \u201cSito\u201d). * * * * * * * Le informazioni che trovi in questa pagina non [&hellip;]<\/p>\n","protected":false},"author":1,"featured_media":0,"parent":0,"menu_order":0,"comment_status":"closed","ping_status":"closed","template":"","meta":{"_acf_changed":false,"footnotes":""},"class_list":["post-3","page","type-page","status-publish","hentry"],"acf":[],"_links":{"self":[{"href":"https:\/\/dueerre.net\/it\/wp-json\/wp\/v2\/pages\/3","targetHints":{"allow":["GET"]}}],"collection":[{"href":"https:\/\/dueerre.net\/it\/wp-json\/wp\/v2\/pages"}],"about":[{"href":"https:\/\/dueerre.net\/it\/wp-json\/wp\/v2\/types\/page"}],"author":[{"embeddable":true,"href":"https:\/\/dueerre.net\/it\/wp-json\/wp\/v2\/users\/1"}],"replies":[{"embeddable":true,"href":"https:\/\/dueerre.net\/it\/wp-json\/wp\/v2\/comments?post=3"}],"version-history":[{"count":0,"href":"https:\/\/dueerre.net\/it\/wp-json\/wp\/v2\/pages\/3\/revisions"}],"wp:attachment":[{"href":"https:\/\/dueerre.net\/it\/wp-json\/wp\/v2\/media?parent=3"}],"curies":[{"name":"wp","href":"https:\/\/api.w.org\/{rel}","templated":true}]}}